{"id":1552,"date":"2020-10-13T10:02:48","date_gmt":"2020-10-13T10:02:48","guid":{"rendered":"https:\/\/aura-matchmaking.com\/codi-etic\/"},"modified":"2026-02-15T17:42:03","modified_gmt":"2026-02-15T17:42:03","slug":"codi-etic","status":"publish","type":"page","link":"https:\/\/aura-matchmaking.com\/ca\/codi-etic\/","title":{"rendered":"Codi \u00c8tic"},"content":{"rendered":"\t\t<div data-elementor-type=\"wp-page\" data-elementor-id=\"1552\" class=\"elementor elementor-1552\" data-elementor-post-type=\"page\">\n\t\t\t\t\t\t<section class=\"elementor-section elementor-top-section elementor-element elementor-element-068944e elementor-section-boxed elementor-section-height-default elementor-section-height-default\" data-id=\"068944e\" data-element_type=\"section\" data-e-type=\"section\">\n\t\t\t\t\t\t<div class=\"elementor-container elementor-column-gap-default\">\n\t\t\t\t\t<div class=\"elementor-column elementor-col-100 elementor-top-column elementor-element elementor-element-62a482d\" data-id=\"62a482d\" data-element_type=\"column\" data-e-type=\"column\">\n\t\t\t<div class=\"elementor-widget-wrap elementor-element-populated\">\n\t\t\t\t\t\t<div class=\"elementor-element elementor-element-f41b792 elementor-widget elementor-widget-heading\" data-id=\"f41b792\" data-element_type=\"widget\" data-e-type=\"widget\" data-widget_type=\"heading.default\">\n\t\t\t\t<div class=\"elementor-widget-container\">\n\t\t\t\t\t<h5 class=\"elementor-heading-title elementor-size-default\">Codi \u00c8tic<\/h5>\t\t\t\t<\/div>\n\t\t\t\t<\/div>\n\t\t\t\t<div class=\"elementor-element elementor-element-4af63db elementor-widget elementor-widget-text-editor\" data-id=\"4af63db\" data-element_type=\"widget\" data-e-type=\"widget\" data-widget_type=\"text-editor.default\">\n\t\t\t\t<div class=\"elementor-widget-container\">\n\t\t\t\t\t\t\t\t\t<p class=\"font_9\">L&#8217;\u00e8tica \u00e9s un valor fonamental en el desenvolupament del nostre treball, un factor generador de confian\u00e7a que representa un aut\u00e8ntic segell de distinci\u00f3 i qualitat per als nostres clients, candidats, equip d&#8217;AURA Matchmaking i la societat.<\/p><br><p class=\"font_9\"><span class=\"wixGuard\">\u200b<\/span><\/p><br><p class=\"font_9\">El nostre codi \u00e8tic i de conducta defineix els principis i valors corporatius que hem de seguir en les nostres relacions professionals, constituint els pilars b\u00e0sics i un marc com\u00fa de comportament per a tot l&#8217;equip d&#8217;AURA Matchmaking.<\/p><br><p class=\"font_9\"><span class=\"wixGuard\">\u200b<\/span><\/p><br><p class=\"font_9\">Aix\u00ed doncs, con\u00e8ixer aquests principis i valors ha de ser una prioritat per a tothom, com ho \u00e9s per a AURA Matchmaking vetllar pel seu compliment.<\/p>\t\t\t\t\t\t\t\t<\/div>\n\t\t\t\t<\/div>\n\t\t\t\t\t<\/div>\n\t\t<\/div>\n\t\t\t\t\t<\/div>\n\t\t<\/section>\n\t\t\t\t<section class=\"elementor-section elementor-top-section elementor-element elementor-element-71a3189 elementor-section-boxed elementor-section-height-default elementor-section-height-default\" data-id=\"71a3189\" data-element_type=\"section\" data-e-type=\"section\">\n\t\t\t\t\t\t<div class=\"elementor-container elementor-column-gap-default\">\n\t\t\t\t\t<div class=\"elementor-column elementor-col-100 elementor-top-column elementor-element elementor-element-5293faf\" data-id=\"5293faf\" data-element_type=\"column\" data-e-type=\"column\">\n\t\t\t<div class=\"elementor-widget-wrap elementor-element-populated\">\n\t\t\t\t\t\t<div class=\"elementor-element elementor-element-cd3e827 elementor-widget elementor-widget-accordion\" data-id=\"cd3e827\" data-element_type=\"widget\" data-e-type=\"widget\" data-widget_type=\"accordion.default\">\n\t\t\t\t<div class=\"elementor-widget-container\">\n\t\t\t\t\t\t\t<div class=\"elementor-accordion\">\n\t\t\t\t\t\t\t<div class=\"elementor-accordion-item\">\n\t\t\t\t\t<div id=\"elementor-tab-title-2151\" class=\"elementor-tab-title\" data-tab=\"1\" role=\"button\" aria-controls=\"elementor-tab-content-2151\" aria-expanded=\"false\">\n\t\t\t\t\t\t\t\t\t\t\t\t\t<span class=\"elementor-accordion-icon elementor-accordion-icon-left\" aria-hidden=\"true\">\n\t\t\t\t\t\t\t\t\t\t\t\t\t\t\t<span class=\"elementor-accordion-icon-closed\"><i class=\"fas fa-plus\"><\/i><\/span>\n\t\t\t\t\t\t\t\t<span class=\"elementor-accordion-icon-opened\"><i class=\"fas fa-minus\"><\/i><\/span>\n\t\t\t\t\t\t\t\t\t\t\t\t\t\t<\/span>\n\t\t\t\t\t\t\t\t\t\t\t\t<a class=\"elementor-accordion-title\" tabindex=\"0\">Integritat<\/a>\n\t\t\t\t\t<\/div>\n\t\t\t\t\t<div id=\"elementor-tab-content-2151\" class=\"elementor-tab-content elementor-clearfix\" data-tab=\"1\" role=\"region\" aria-labelledby=\"elementor-tab-title-2151\"><p>Som honestos en les nostres opinions professionals i relacions de negoci; en els serveis que prestem, els coneixements que posse\u00efm i l&#8217;experi\u00e8ncia que adquirim.<\/p>\n<\/div>\n\t\t\t\t<\/div>\n\t\t\t\t\t\t\t<div class=\"elementor-accordion-item\">\n\t\t\t\t\t<div id=\"elementor-tab-title-2152\" class=\"elementor-tab-title\" data-tab=\"2\" role=\"button\" aria-controls=\"elementor-tab-content-2152\" aria-expanded=\"false\">\n\t\t\t\t\t\t\t\t\t\t\t\t\t<span class=\"elementor-accordion-icon elementor-accordion-icon-left\" aria-hidden=\"true\">\n\t\t\t\t\t\t\t\t\t\t\t\t\t\t\t<span class=\"elementor-accordion-icon-closed\"><i class=\"fas fa-plus\"><\/i><\/span>\n\t\t\t\t\t\t\t\t<span class=\"elementor-accordion-icon-opened\"><i class=\"fas fa-minus\"><\/i><\/span>\n\t\t\t\t\t\t\t\t\t\t\t\t\t\t<\/span>\n\t\t\t\t\t\t\t\t\t\t\t\t<a class=\"elementor-accordion-title\" tabindex=\"0\">Gesti\u00f3 de qualitat<\/a>\n\t\t\t\t\t<\/div>\n\t\t\t\t\t<div id=\"elementor-tab-content-2152\" class=\"elementor-tab-content elementor-clearfix\" data-tab=\"2\" role=\"region\" aria-labelledby=\"elementor-tab-title-2152\"><div class=\"font_8\">Ens comprometem a prestar un servei de qualitat unint l&#8217;especialitzaci\u00f3 i l&#8217;abast dels nostres recursos, experi\u00e8ncia i coneixements per ajudar els clients a aconseguir el seu objectiu.<\/div>\n<p><\/p>\n<p>&nbsp;<\/p>\n<p><\/p>\n<div class=\"font_8\">Aplicamos controles y procesos de calidad necesarios para el cumplimiento de las expectativas generadas al cliente y los compromisos adquiridos, y para corregirlos en caso de posible desviaci\u00f3n o reclamaci\u00f3n.<\/div>\n<\/div>\n\t\t\t\t<\/div>\n\t\t\t\t\t\t\t<div class=\"elementor-accordion-item\">\n\t\t\t\t\t<div id=\"elementor-tab-title-2153\" class=\"elementor-tab-title\" data-tab=\"3\" role=\"button\" aria-controls=\"elementor-tab-content-2153\" aria-expanded=\"false\">\n\t\t\t\t\t\t\t\t\t\t\t\t\t<span class=\"elementor-accordion-icon elementor-accordion-icon-left\" aria-hidden=\"true\">\n\t\t\t\t\t\t\t\t\t\t\t\t\t\t\t<span class=\"elementor-accordion-icon-closed\"><i class=\"fas fa-plus\"><\/i><\/span>\n\t\t\t\t\t\t\t\t<span class=\"elementor-accordion-icon-opened\"><i class=\"fas fa-minus\"><\/i><\/span>\n\t\t\t\t\t\t\t\t\t\t\t\t\t\t<\/span>\n\t\t\t\t\t\t\t\t\t\t\t\t<a class=\"elementor-accordion-title\" tabindex=\"0\">Comportament professional<\/a>\n\t\t\t\t\t<\/div>\n\t\t\t\t\t<div id=\"elementor-tab-content-2153\" class=\"elementor-tab-content elementor-clearfix\" data-tab=\"3\" role=\"region\" aria-labelledby=\"elementor-tab-title-2153\"><div class=\"font_8\">Comprenem l&#8217;ampli impacte que el nostre treball t\u00e9 en els nostres clients, candidats, equip i societat. Per aix\u00f2, fomentem una cultura de professionalitat i responsabilitat personal, que d\u00f3na suport als clients i promou la qualitat en els serveis que prestem.<\/div>\n<p><\/p>\n<p>&nbsp;<\/p>\n<p><\/p>\n<div class=\"font_8\">Complim les lleis, reglaments i normes professionals, i tractem d&#8217;evitar tota acci\u00f3 que pugui desacreditar a nosaltres o a la nostra professi\u00f3.<\/div>\n<\/div>\n\t\t\t\t<\/div>\n\t\t\t\t\t\t\t<div class=\"elementor-accordion-item\">\n\t\t\t\t\t<div id=\"elementor-tab-title-2154\" class=\"elementor-tab-title\" data-tab=\"4\" role=\"button\" aria-controls=\"elementor-tab-content-2154\" aria-expanded=\"false\">\n\t\t\t\t\t\t\t\t\t\t\t\t\t<span class=\"elementor-accordion-icon elementor-accordion-icon-left\" aria-hidden=\"true\">\n\t\t\t\t\t\t\t\t\t\t\t\t\t\t\t<span class=\"elementor-accordion-icon-closed\"><i class=\"fas fa-plus\"><\/i><\/span>\n\t\t\t\t\t\t\t\t<span class=\"elementor-accordion-icon-opened\"><i class=\"fas fa-minus\"><\/i><\/span>\n\t\t\t\t\t\t\t\t\t\t\t\t\t\t<\/span>\n\t\t\t\t\t\t\t\t\t\t\t\t<a class=\"elementor-accordion-title\" tabindex=\"0\">Objectivitat<\/a>\n\t\t\t\t\t<\/div>\n\t\t\t\t\t<div id=\"elementor-tab-content-2154\" class=\"elementor-tab-content elementor-clearfix\" data-tab=\"4\" role=\"region\" aria-labelledby=\"elementor-tab-title-2154\"><div class=\"font_8\">Som objectius a l&#8217;hora de formar-nos una opini\u00f3 professional i d&#8217;oferir els nostres serveis. Admetem les difer\u00e8ncies d&#8217;opini\u00f3 i de criteri, i les valorem constructiva i professionalment.<\/div>\n<p><\/p>\n<p>&nbsp;<\/p>\n<p><\/p>\n<div class=\"font_8\">L&#8217;acceptaci\u00f3 o oferiment de regals, serveis i\/o algun altre tipus de consideraci\u00f3 que donin raons per pensar que poden influir en les nostres decisions o menyscabar la nostra objectivitat, no est\u00e0 perm\u00e8s sota cap concepte, excepte les degudes a pr\u00e0ctiques comercials habituals o de cortesia i el valor sigui simb\u00f2lic.<\/div>\n<\/div>\n\t\t\t\t<\/div>\n\t\t\t\t\t\t\t<div class=\"elementor-accordion-item\">\n\t\t\t\t\t<div id=\"elementor-tab-title-2155\" class=\"elementor-tab-title\" data-tab=\"5\" role=\"button\" aria-controls=\"elementor-tab-content-2155\" aria-expanded=\"false\">\n\t\t\t\t\t\t\t\t\t\t\t\t\t<span class=\"elementor-accordion-icon elementor-accordion-icon-left\" aria-hidden=\"true\">\n\t\t\t\t\t\t\t\t\t\t\t\t\t\t\t<span class=\"elementor-accordion-icon-closed\"><i class=\"fas fa-plus\"><\/i><\/span>\n\t\t\t\t\t\t\t\t<span class=\"elementor-accordion-icon-opened\"><i class=\"fas fa-minus\"><\/i><\/span>\n\t\t\t\t\t\t\t\t\t\t\t\t\t\t<\/span>\n\t\t\t\t\t\t\t\t\t\t\t\t<a class=\"elementor-accordion-title\" tabindex=\"0\">Compet\u00e8ncia<\/a>\n\t\t\t\t\t<\/div>\n\t\t\t\t\t<div id=\"elementor-tab-content-2155\" class=\"elementor-tab-content elementor-clearfix\" data-tab=\"5\" role=\"region\" aria-labelledby=\"elementor-tab-title-2155\"><div class=\"font_8\">Fomentem la innovaci\u00f3 i les noves idees per millorar el valor i l&#8217;acompliment dels nostres serveis.<\/div>\n<p><\/p>\n<p>&nbsp;<\/p>\n<p><\/p>\n<div class=\"font_8\">Entenem que tant els nostres clients com candidats esperen que la nostra feina estigui a l&#8217;al\u00e7ada dels m\u00e9s alts est\u00e0ndards professionals.<\/div>\n<\/div>\n\t\t\t\t<\/div>\n\t\t\t\t\t\t\t<div class=\"elementor-accordion-item\">\n\t\t\t\t\t<div id=\"elementor-tab-title-2156\" class=\"elementor-tab-title\" data-tab=\"6\" role=\"button\" aria-controls=\"elementor-tab-content-2156\" aria-expanded=\"false\">\n\t\t\t\t\t\t\t\t\t\t\t\t\t<span class=\"elementor-accordion-icon elementor-accordion-icon-left\" aria-hidden=\"true\">\n\t\t\t\t\t\t\t\t\t\t\t\t\t\t\t<span class=\"elementor-accordion-icon-closed\"><i class=\"fas fa-plus\"><\/i><\/span>\n\t\t\t\t\t\t\t\t<span class=\"elementor-accordion-icon-opened\"><i class=\"fas fa-minus\"><\/i><\/span>\n\t\t\t\t\t\t\t\t\t\t\t\t\t\t<\/span>\n\t\t\t\t\t\t\t\t\t\t\t\t<a class=\"elementor-accordion-title\" tabindex=\"0\">Creaci\u00f3 de valor<\/a>\n\t\t\t\t\t<\/div>\n\t\t\t\t\t<div id=\"elementor-tab-content-2156\" class=\"elementor-tab-content elementor-clearfix\" data-tab=\"6\" role=\"region\" aria-labelledby=\"elementor-tab-title-2156\"><p>Oferim al client solucions avan\u00e7ades, amb vocaci\u00f3 de servei i mitjan\u00e7ant l&#8217;aportaci\u00f3 constant de valor. Acceptem la responsabilitat professional de les nostres accions amb plena vocaci\u00f3 de servei cap a la millora efectiva dels clients.<\/p>\n<\/div>\n\t\t\t\t<\/div>\n\t\t\t\t\t\t\t<div class=\"elementor-accordion-item\">\n\t\t\t\t\t<div id=\"elementor-tab-title-2157\" class=\"elementor-tab-title\" data-tab=\"7\" role=\"button\" aria-controls=\"elementor-tab-content-2157\" aria-expanded=\"false\">\n\t\t\t\t\t\t\t\t\t\t\t\t\t<span class=\"elementor-accordion-icon elementor-accordion-icon-left\" aria-hidden=\"true\">\n\t\t\t\t\t\t\t\t\t\t\t\t\t\t\t<span class=\"elementor-accordion-icon-closed\"><i class=\"fas fa-plus\"><\/i><\/span>\n\t\t\t\t\t\t\t\t<span class=\"elementor-accordion-icon-opened\"><i class=\"fas fa-minus\"><\/i><\/span>\n\t\t\t\t\t\t\t\t\t\t\t\t\t\t<\/span>\n\t\t\t\t\t\t\t\t\t\t\t\t<a class=\"elementor-accordion-title\" tabindex=\"0\">Confidencialitat, Privacitat i Protecci\u00f3 de dades<\/a>\n\t\t\t\t\t<\/div>\n\t\t\t\t\t<div id=\"elementor-tab-content-2157\" class=\"elementor-tab-content elementor-clearfix\" data-tab=\"7\" role=\"region\" aria-labelledby=\"elementor-tab-title-2157\"><div class=\"font_8\">Protegim i prenem mesures per salvaguardar la informaci\u00f3 confidencial i personal en el nostre poder, recollint i processant les dades de conformitat amb les lleis aplicables, les obligacions professionals i les nostres pr\u00f2pies pol\u00edtiques i pr\u00e0ctiques de gesti\u00f3 de dades.<\/div>\n<p><\/p>\n<p>&nbsp;<\/p>\n<p><\/p>\n<div class=\"font_8\">Queda prohibida la revelaci\u00f3 de tota informaci\u00f3 confidencial i personal que se&#8217;ns hagi confiat, llevat que hi hagi autoritzaci\u00f3 per a aix\u00f2 o que ho exigeixi o permeti la llei, el dret o el deure professional.<\/div>\n<p><\/p>\n<p>&nbsp;<\/p>\n<p><\/p>\n<div class=\"font_8\">Es prohibeix l&#8217;\u00fas de tota informaci\u00f3 confidencial sobre els nostres clients en benefici personal o de tercers.<\/div>\n<\/div>\n\t\t\t\t<\/div>\n\t\t\t\t\t\t\t<div class=\"elementor-accordion-item\">\n\t\t\t\t\t<div id=\"elementor-tab-title-2158\" class=\"elementor-tab-title\" data-tab=\"8\" role=\"button\" aria-controls=\"elementor-tab-content-2158\" aria-expanded=\"false\">\n\t\t\t\t\t\t\t\t\t\t\t\t\t<span class=\"elementor-accordion-icon elementor-accordion-icon-left\" aria-hidden=\"true\">\n\t\t\t\t\t\t\t\t\t\t\t\t\t\t\t<span class=\"elementor-accordion-icon-closed\"><i class=\"fas fa-plus\"><\/i><\/span>\n\t\t\t\t\t\t\t\t<span class=\"elementor-accordion-icon-opened\"><i class=\"fas fa-minus\"><\/i><\/span>\n\t\t\t\t\t\t\t\t\t\t\t\t\t\t<\/span>\n\t\t\t\t\t\t\t\t\t\t\t\t<a class=\"elementor-accordion-title\" tabindex=\"0\">Conflictes d'inter\u00e8s i transpar\u00e8ncia<\/a>\n\t\t\t\t\t<\/div>\n\t\t\t\t\t<div id=\"elementor-tab-content-2158\" class=\"elementor-tab-content elementor-clearfix\" data-tab=\"8\" role=\"region\" aria-labelledby=\"elementor-tab-title-2158\"><p>Totes les decisions que prenguin els membres d&#8217;AURA Matchmaking han d&#8217;estar basades en el m\u00e0xim inter\u00e8s per al client, candidat i\/o companyia, mai han d&#8217;estar basades en un inter\u00e8s personal.<\/p>\n<\/div>\n\t\t\t\t<\/div>\n\t\t\t\t\t\t\t<div class=\"elementor-accordion-item\">\n\t\t\t\t\t<div id=\"elementor-tab-title-2159\" class=\"elementor-tab-title\" data-tab=\"9\" role=\"button\" aria-controls=\"elementor-tab-content-2159\" aria-expanded=\"false\">\n\t\t\t\t\t\t\t\t\t\t\t\t\t<span class=\"elementor-accordion-icon elementor-accordion-icon-left\" aria-hidden=\"true\">\n\t\t\t\t\t\t\t\t\t\t\t\t\t\t\t<span class=\"elementor-accordion-icon-closed\"><i class=\"fas fa-plus\"><\/i><\/span>\n\t\t\t\t\t\t\t\t<span class=\"elementor-accordion-icon-opened\"><i class=\"fas fa-minus\"><\/i><\/span>\n\t\t\t\t\t\t\t\t\t\t\t\t\t\t<\/span>\n\t\t\t\t\t\t\t\t\t\t\t\t<a class=\"elementor-accordion-title\" tabindex=\"0\">Imatge d'empresa<\/a>\n\t\t\t\t\t<\/div>\n\t\t\t\t\t<div id=\"elementor-tab-content-2159\" class=\"elementor-tab-content elementor-clearfix\" data-tab=\"9\" role=\"region\" aria-labelledby=\"elementor-tab-title-2159\"><p>La imatge corporativa de la nostra companyia \u00e9s molt important. Per aquest motiu, animem al nostre equip a seguir i promocionar els valors d&#8217;excel\u00b7l\u00e8ncia, comprom\u00eds, confidencialitat i integritat amb l&#8217;objectiu de fer d&#8217;AURA Matchmaking una companyia de refer\u00e8ncia, no nom\u00e9s en el seu sector sin\u00f3 un model de signatura a seguir.<\/p>\n<\/div>\n\t\t\t\t<\/div>\n\t\t\t\t\t\t\t<div class=\"elementor-accordion-item\">\n\t\t\t\t\t<div id=\"elementor-tab-title-21510\" class=\"elementor-tab-title\" data-tab=\"10\" role=\"button\" aria-controls=\"elementor-tab-content-21510\" aria-expanded=\"false\">\n\t\t\t\t\t\t\t\t\t\t\t\t\t<span class=\"elementor-accordion-icon elementor-accordion-icon-left\" aria-hidden=\"true\">\n\t\t\t\t\t\t\t\t\t\t\t\t\t\t\t<span class=\"elementor-accordion-icon-closed\"><i class=\"fas fa-plus\"><\/i><\/span>\n\t\t\t\t\t\t\t\t<span class=\"elementor-accordion-icon-opened\"><i class=\"fas fa-minus\"><\/i><\/span>\n\t\t\t\t\t\t\t\t\t\t\t\t\t\t<\/span>\n\t\t\t\t\t\t\t\t\t\t\t\t<a class=\"elementor-accordion-title\" tabindex=\"0\">Responsabilitat Social Corporativa<\/a>\n\t\t\t\t\t<\/div>\n\t\t\t\t\t<div id=\"elementor-tab-content-21510\" class=\"elementor-tab-content elementor-clearfix\" data-tab=\"10\" role=\"region\" aria-labelledby=\"elementor-tab-title-21510\"><p>En AURA Matchmaking apostem per ser una empresa socialment compromesa, promovent iniciatives que donen a con\u00e8ixer el nostre comprom\u00eds amb la RSC.<\/p>\n<\/div>\n\t\t\t\t<\/div>\n\t\t\t\t\t\t\t\t<\/div>\n\t\t\t\t\t\t<\/div>\n\t\t\t\t<\/div>\n\t\t\t\t\t<\/div>\n\t\t<\/div>\n\t\t\t\t\t<\/div>\n\t\t<\/section>\n\t\t\t\t<section class=\"elementor-section elementor-top-section elementor-element elementor-element-88ac2ab elementor-section-boxed elementor-section-height-default elementor-section-height-default\" data-id=\"88ac2ab\" data-element_type=\"section\" data-e-type=\"section\">\n\t\t\t\t\t\t<div class=\"elementor-container elementor-column-gap-default\">\n\t\t\t\t\t<div class=\"elementor-column elementor-col-100 elementor-top-column elementor-element elementor-element-bcdb4ed\" data-id=\"bcdb4ed\" data-element_type=\"column\" data-e-type=\"column\">\n\t\t\t<div class=\"elementor-widget-wrap elementor-element-populated\">\n\t\t\t\t\t\t<div class=\"elementor-element elementor-element-13655bb elementor-widget elementor-widget-text-editor\" data-id=\"13655bb\" data-element_type=\"widget\" data-e-type=\"widget\" data-widget_type=\"text-editor.default\">\n\t\t\t\t<div class=\"elementor-widget-container\">\n\t\t\t\t\t\t\t\t\t<p class=\"font_9\">El nostre codi \u00e8tic i de conducta \u00e9s un reflex de l&#8217;ess\u00e8ncia i filosofia corporativa que guia el rumb de l&#8217;empresa. Per aix\u00f2, no es tolerar\u00e0 cap incompliment d&#8217;aquest codi \u00e8tic i de conducta i s&#8217;anima, des de la Direcci\u00f3 d&#8217;AURA Matchmaking, a reportar qualsevol tipus d&#8217;infracci\u00f3 de qu\u00e8 siguin coneixedors.<\/p><br><p class=\"font_9\"><span class=\"wixGuard\">\u200b<\/span><\/p><br><p class=\"font_9\">Moltes gr\u00e0cies.\u00a0<\/p>\t\t\t\t\t\t\t\t<\/div>\n\t\t\t\t<\/div>\n\t\t\t\t\t<\/div>\n\t\t<\/div>\n\t\t\t\t\t<\/div>\n\t\t<\/section>\n\t\t\t\t<\/div>\n\t\t","protected":false},"excerpt":{"rendered":"<p>Codi \u00c8tic L&#8217;\u00e8tica \u00e9s un valor fonamental en el desenvolupament del nostre treball, un factor generador de confian\u00e7a que representa un aut\u00e8ntic segell de distinci\u00f3 i qualitat per als nostres clients, candidats, equip d&#8217;AURA Matchmaking i la societat. \u200b El nostre codi \u00e8tic i de conducta defineix els principis i valors corporatius que hem de [&hellip;]<\/p>\n","protected":false},"author":2,"featured_media":0,"parent":0,"menu_order":0,"comment_status":"closed","ping_status":"closed","template":"","meta":{"footnotes":""},"class_list":["post-1552","page","type-page","status-publish","hentry"],"_links":{"self":[{"href":"https:\/\/aura-matchmaking.com\/ca\/wp-json\/wp\/v2\/pages\/1552","targetHints":{"allow":["GET"]}}],"collection":[{"href":"https:\/\/aura-matchmaking.com\/ca\/wp-json\/wp\/v2\/pages"}],"about":[{"href":"https:\/\/aura-matchmaking.com\/ca\/wp-json\/wp\/v2\/types\/page"}],"author":[{"embeddable":true,"href":"https:\/\/aura-matchmaking.com\/ca\/wp-json\/wp\/v2\/users\/2"}],"replies":[{"embeddable":true,"href":"https:\/\/aura-matchmaking.com\/ca\/wp-json\/wp\/v2\/comments?post=1552"}],"version-history":[{"count":5,"href":"https:\/\/aura-matchmaking.com\/ca\/wp-json\/wp\/v2\/pages\/1552\/revisions"}],"predecessor-version":[{"id":9475,"href":"https:\/\/aura-matchmaking.com\/ca\/wp-json\/wp\/v2\/pages\/1552\/revisions\/9475"}],"wp:attachment":[{"href":"https:\/\/aura-matchmaking.com\/ca\/wp-json\/wp\/v2\/media?parent=1552"}],"curies":[{"name":"wp","href":"https:\/\/api.w.org\/{rel}","templated":true}]}}