{"id":1598,"date":"2020-10-14T08:27:58","date_gmt":"2020-10-14T08:27:58","guid":{"rendered":"https:\/\/aura-matchmaking.com\/avis-legal\/"},"modified":"2026-03-03T14:29:49","modified_gmt":"2026-03-03T14:29:49","slug":"avis-legal","status":"publish","type":"page","link":"https:\/\/aura-matchmaking.com\/ca\/avis-legal\/","title":{"rendered":"Av\u00eds Legal"},"content":{"rendered":"<h5>Av\u00eds Legal<\/h5>\n<p>IDENTIFICACI\u00d3N Y TITULARIDAD\u00a0<\/p>\n<p>En cumplimiento del art\u00edculo 10 de la Ley 34\/2002, de 11 de julio, de Servicios de la Sociedad de la Informaci\u00f3n y Comercio Electr\u00f3nico, el Titular expone sus datos identificativos.\u00a0<\/p>\n<p>Titular: CAPITAL PRAXIS SL.\u00a0<\/p>\n<p>CIF: B66495003\u00a0<\/p>\n<p>Domicilio: Plz. Eguilaz 8 bis 3\u00ba-2\u00aa, 08017 Barcelona\u00a0<\/p>\n<p>Correo electr\u00f3nico: info@aura-matchmaking.com\u00a0<\/p>\n<p>Sitio Web: www.aura-matchmaking.com\u00a0<\/p>\n<p>\u200b<\/p>\n<p>FINALIDAD\u00a0<\/p>\n<p>La finalidad del sitio Web<a href=\"https:\/\/aura-matchmaking.com\/ca\/contact\/\"> aura-matchmaking.com <\/a>es Dar a conocer su actividad, informaci\u00f3n y servicios, suscribirse como afiliado y ponerse en contacto.\u00a0<\/p>\n<p>CONDICIONES DE USO\u00a0<\/p>\n<p>La utilizaci\u00f3n del sitio Web te otorga la condici\u00f3n de Usuario, e implica la aceptaci\u00f3n completa de todas las cl\u00e1usulas y condiciones de uso incluidas en las p\u00e1ginas:\u00a0<\/p>\n<ul>\n<li>\n<p><a href=\"https:\/\/aura-matchmaking.com\/ca\/avis-legal\/\">Aviso Legal<\/a><\/p>\n<\/li>\n<li>\n<p><a href=\"https:\/\/aura-matchmaking.com\/ca\/politica-de-privacitat\/\">Pol\u00edtica de Privacidad <\/a><\/p>\n<\/li>\n<li>\n<p><a href=\"https:\/\/aura-matchmaking.com\/ca\/politica-de-cookies\/\">Pol\u00edtica de Cookies<\/a><\/p>\n<\/li>\n<\/ul>\n<p>Si no est\u00e1s conforme con todas y cada una de estas cl\u00e1usulas y condiciones te abstendr\u00e1s de utilizar este sitio Web.\u00a0<\/p>\n<p>El acceso a este sitio Web no supone, en modo alguno, el inicio de una relaci\u00f3n comercial con Capital Praxis SL.\u00a0<\/p>\n<p>A trav\u00e9s de este sitio Web, el Titular te facilita el acceso y la utilizaci\u00f3n de diversos contenidos que el Titular o sus colaboradores han publicado por medio de Internet.\u00a0<\/p>\n<p>A tal efecto, te obligas y comprometes a NO utilizar cualquiera de los contenidos del sitio Web con fines o efectos il\u00edcitos, prohibidos en este Aviso Legal o por la legislaci\u00f3n vigente, lesivos de los derechos e intereses de terceros, o que de cualquier forma puedan da\u00f1ar, inutilizar, sobrecargar, deteriorar o impedir la normal utilizaci\u00f3n de los contenidos, los equipos inform\u00e1ticos o los documentos, archivos y toda clase de contenidos almacenados en cualquier equipo inform\u00e1tico propios o contratados por Capital Praxis SL., de otros usuarios o de cualquier usuario de Internet.\u00a0<\/p>\n<p>El Titular se reserva el derecho de retirar todos aquellos comentarios que vulneren la legislaci\u00f3n vigente, lesivos de los derechos o intereses de terceros, o que, a su juicio, no resulten adecuados para su publicaci\u00f3n.\u00a0<\/p>\n<p>Capital Praxis SL no ser\u00e1 responsable de las opiniones vertidas por los usuarios a trav\u00e9s del sistema de comentarios, redes sociales u otras herramientas de participaci\u00f3n, conforme a lo previsto en la normativa de aplicaci\u00f3n.\u00a0<\/p>\n<p>\u200b<\/p>\n<p>MAYOR\u00cdA DE EDAD\u00a0<\/p>\n<p>Debes tener al menos 18 a\u00f1os de edad para usar los servicios ofrecidos por Capital Praxis SL o la mayor\u00eda de edad que se requiera en tu pa\u00eds para registrarte en el sitio Web o utilizarlo. Si resides en un pa\u00eds que no pertenezca a la Regi\u00f3n europea, debes tener al menos 18 a\u00f1os de edad para usar el sitio Web o la mayor\u00eda de edad que se requiera en tu pa\u00eds para registrarte en el sitio Web o utilizarlo.\u00a0<\/p>\n<p>Adem\u00e1s de tener la edad m\u00ednima requerida para usar el sitio Web en virtud de la ley aplicable, si no tienes la edad suficiente para poder aceptar las condiciones en tu pa\u00eds, tu padre, madre, o tutor deben aceptar las condiciones en tu nombre.\u00a0<\/p>\n<p>\u200b<\/p>\n<p>MEDIDAS DE SEGURIDAD\u00a0<\/p>\n<p>Los datos personales que facilites al Titular pueden ser almacenados en bases de datos automatizadas o no, cuya titularidad corresponde en exclusiva a Capital Praxis SL, que asume todas las medidas de \u00edndole t\u00e9cnica, organizativa y de seguridad que garantizan la confidencialidad, integridad y calidad de la informaci\u00f3n contenida en las mismas de acuerdo con lo establecido en la normativa vigente en protecci\u00f3n de datos.\u00a0<\/p>\n<p>No obstante, debes ser consciente de que las medidas de seguridad de los sistemas inform\u00e1ticos en Internet no son enteramente fiables y que, por tanto el Titular no puede garantizar la inexistencia de virus u otros elementos que puedan producir alteraciones en los sistemas inform\u00e1ticos (software y hardware) del Usuario o en sus documentos electr\u00f3nicos y ficheros contenidos en los mismos aunque el Titular pone todos los medios necesarios y toma las medidas de seguridad oportunas para evitar la presencia de estos elementos da\u00f1inos.\u00a0<\/p>\n<p>DATOS PERSONALES\u00a0<\/p>\n<p>Puedes consultar toda la informaci\u00f3n relativa al tratamiento de datos personales que recoge el Titular en la p\u00e1gina de Pol\u00edtica de Privacidad.\u00a0<\/p>\n<p>\u200b<\/p>\n<p>CONTENIDOS\u00a0<\/p>\n<p>El Titular ha obtenido la informaci\u00f3n, el contenido multimedia y los materiales incluidos en el sitio Web de fuentes que considera fiables, pero, si bien ha tomado todas las medidas razonables para asegurar que la informaci\u00f3n contenida es correcta, el Titular no garantiza que sea exacta, completa o actualizada. Capital Praxis SL declina expresamente cualquier responsabilidad por error u omisi\u00f3n en la informaci\u00f3n contenida en las p\u00e1ginas de este sitio Web.\u00a0<\/p>\n<p>Queda prohibido transmitir o enviar a trav\u00e9s del sitio Web cualquier contenido ilegal o il\u00edcito, virus inform\u00e1ticos, o mensajes que, en general, afecten o violen derechos del Titular o de terceros.\u00a0<\/p>\n<p>Los contenidos de <a href=\"https:\/\/aura-matchmaking.com\/ca\/contact\/\">aura-matchmaking.com<\/a> tienen \u00fanicamente una finalidad informativa y en ninguna circunstancia deben usarse ni considerarse como oferta de venta, solicitud de una oferta de compra ni recomendaci\u00f3n para realizar cualquier otra operaci\u00f3n, salvo que as\u00ed se indique expresamente.\u00a0<\/p>\n<p>Capital Praxis SL se reserva el derecho a modificar, suspender, cancelar o restringir el contenido de www.aura-matchmaking.com, los v\u00ednculos o la informaci\u00f3n obtenida a trav\u00e9s del sitio Web, sin necesidad de previo aviso.\u00a0<\/p>\n<p>Capital Praxis SL no es responsable de los da\u00f1os y perjuicios que pudieran derivarse de la utilizaci\u00f3n de la informaci\u00f3n del sitio Web o de la contenida en las redes sociales del Titular.\u00a0<\/p>\n<p>\u200b<\/p>\n<p>POL\u00cdTICA DE COOKIES\u00a0<\/p>\n<p>En la p\u00e1gina Pol\u00edtica de Cookies puedes consultar toda la informaci\u00f3n relativa a la pol\u00edtica de recogida y tratamiento de las cookies.\u00a0<\/p>\n<p>\u200b<\/p>\n<p>ENLACES A OTROS SITIOS WEB\u00a0<\/p>\n<p>El Titular puede proporcionarte acceso a sitios Web de terceros mediante enlaces con la finalidad exclusiva de informarte sobre la existencia de otras fuentes de informaci\u00f3n en Internet en las que podr\u00e1s ampliar los datos ofrecidos en el sitio Web.\u00a0<\/p>\n<p>Estos enlaces a otros sitios Web no suponen en ning\u00fan caso una sugerencia o recomendaci\u00f3n para que visites las p\u00e1ginas web de destino, que est\u00e1n fuera del control del Titular, por lo que Capital Praxis SL no es responsable del contenido de los sitios web vinculados ni del resultado que obtengas al seguir los enlaces.\u00a0<\/p>\n<p>Asimismo, Capital Praxis SL no responde de los links o enlaces ubicados en los sitios web vinculados a los que te proporciona acceso.\u00a0<\/p>\n<p>El establecimiento del enlace no implica en ning\u00fan caso la existencia de relaciones entre Capital Praxis SL y el propietario del sitio en el que se establezca el enlace, ni la aceptaci\u00f3n o aprobaci\u00f3n por parte del Titular de sus contenidos o servicios.\u00a0<\/p>\n<p>Si accedes a un sitio Web externo desde un enlace que encuentres en <a href=\"https:\/\/aura-matchmaking.com\/ca\/contact\/\">aura-matchmaking.com<\/a> deber\u00e1s leer la propia pol\u00edtica de privacidad del otro sitio web que puede ser diferente de la de este sitio Web.\u00a0<\/p>\n<p>\u200b<\/p>\n<p>PROPIEDAD INTELECTUAL E INDUSTRIAL\u00a0<\/p>\n<p>Todos los derechos est\u00e1n reservados.\u00a0<\/p>\n<p>Todo acceso a este sitio Web est\u00e1 sujeto a las siguientes condiciones: la reproducci\u00f3n, almacenaje permanente y la difusi\u00f3n de los contenidos o cualquier otro uso que tenga finalidad p\u00fablica o comercial queda expresamente prohibida sin el consentimiento previo expreso y por escrito de Capital Praxis SL.\u00a0<\/p>\n<p>\u200b<\/p>\n<p>LIMITACI\u00d3N DE RESPONSABILIDAD\u00a0<\/p>\n<p>Capital Praxis SL declina cualquier responsabilidad en caso de que existan interrupciones o un mal funcionamiento de los Servicios o contenidos ofrecidos en Internet, cualquiera que sea su causa. Asimismo, el Titular no se hace responsable por ca\u00eddas de la red, p\u00e9rdidas de negocio a consecuencia de dichas ca\u00eddas, suspensiones temporales de fluido el\u00e9ctrico o cualquier otro tipo de da\u00f1o indirecto que te pueda ser causado por causas ajenas a el Titular.\u00a0<\/p>\n<p>Antes de tomar decisiones y\/o acciones con base a la informaci\u00f3n incluida en el sitio Web, el Titular te recomienda comprobar y contrastar la informaci\u00f3n recibida con otras fuentes.\u00a0<\/p>\n<p>\u200b<\/p>\n<p>JURISDICCI\u00d3N\u00a0<\/p>\n<p>Este Aviso Legal se rige \u00edntegramente por la legislaci\u00f3n espa\u00f1ola.\u00a0<\/p>\n<p>\u200b<\/p>\n<p>CONTACTO\u00a0<\/p>\n<p>En caso de que tengas cualquier duda acerca de estas Condiciones legales o quieras realizar cualquier comentario sobre este sitio Web, puedes enviar un mensaje de correo electr\u00f3nico a la direcci\u00f3n info@aura-matchmaking.com.\u00a0<\/p>\n<p>\u200b<\/p>\n<p>RECOMENDACI\u00d3N PREVIA:\u00a0<\/p>\n<p>Por favor, lea todos los apartados del presente aviso legal y nuestra pol\u00edtica de privacidad antes de utilizar este web site. Las siguientes condiciones son vinculantes para cualquier usuario de este. Documento revisado el 02\/01\/2020<\/p>\n<p>En cumplimiento con el deber de informaci\u00f3n dispuesto en la Ley 34\/2002 de Servicios de la Sociedad de la Informaci\u00f3n y el Comercio Electr\u00f3nico (LSSI-CE) de 11 de julio, se facilitan a continuaci\u00f3n los siguientes datos de informaci\u00f3n general de este sitio web.\u00a0<\/p>\n<p>\u200b<\/p>\n<p>INTRODUCCI\u00d3N; DATOS IDENTIFICATIVOS y USUARIOS:\u00a0<\/p>\n<p>El presente aviso legal regula el uso del servicio del PORTAL de Internet www.aura-matchmaking.com, inform\u00e1ndole en cumplimiento de la Ley 34\/2002, de 11 de julio, de lo siguiente:\u00a0<\/p>\n<p>Responsable: CAPITAL PRAXIS SL (opera bajo la marca comercial AURA MATCHMAKING)\u00a0<\/p>\n<p>CIF\/NIF: B66495003\u00a0<\/p>\n<p>Correo electr\u00f3nico: Info@aura-matchmaking.com. Tel\u00e9fono: 93 023 45 15<\/p>\n<p>Domicilio social: : Plz. Eguilaz 8 bis 3\u00ba-2\u00aa, 08017 Barcelona\u00a0<\/p>\n<p>Actividad: Head Hunting Sentimental\u00ae.\u00a0<\/p>\n<p>Finalidad de la p\u00e1gina web: Dar a conocer su actividad, informaci\u00f3n y servicios, suscribirse como afiliado y ponerse en contacto.\u00a0<\/p>\n<p>El presente documento tiene por objeto establecer los t\u00e9rminos y condiciones generales de uso del PORTAL. Los t\u00e9rminos y condiciones generales son de obligada aceptaci\u00f3n y cumplimiento por parte de todos las personas, profesionales y empresas (en adelante el USUARIO), que deseen hacer uso de los mismos (actuales o nuevos servicios que AURA MATCHMAKING preste en el futuro a trav\u00e9s del PORTAL).\u00a0<\/p>\n<p>\u200b<\/p>\n<p>OBLIGACIONES USUARIOS, USO DEL SITIO WEB, SUS SERVICIOS Y CONTENIDOS;\u00a0<\/p>\n<p>El usuario se compromete a utilizar el portal, el contenido y servicios, sin contravenir la legislaci\u00f3n vigente, los usos generalmente aceptados y el orden p\u00fablico. Queda prohibido, el uso del Web con fines il\u00edcitos o lesivos contra AURA MATCHMAKING o un tercero, que, de cualquier forma, puedan causar perjuicio o impedir el normal uso del PORTAL. 5<\/p>\n<p>\u200b<\/p>\n<p>AURA MATCHMAKING garantiza que los contenidos y servicios que ofrece el portal respetan el principio de dignidad de la persona, de protecci\u00f3n de la juventud y la infancia, de no-discriminaci\u00f3n por motivos de raza, sexo, religi\u00f3n, opini\u00f3n, nacionalidad, discapacidad o cualquier otro aspecto personal y social. AURA MATCHMAKING se reserva el derecho de retirar todos aquellos comentarios y aportaciones que vulneren la ley o no respetan los principios se\u00f1alados.\u00a0<\/p>\n<p>Las presentes Condiciones Generales de Uso del PORTAL no confieren al USUARIO ning\u00fan otro derecho de uso, alteraci\u00f3n, explotaci\u00f3n, reproducci\u00f3n, distribuci\u00f3n o comunicaci\u00f3n p\u00fablica del Portal y\/o de sus Contenidos distintos de los aqu\u00ed expresamente previstos. Los contenidos (informaci\u00f3n, archivos de sonido y\/o imagen, fotograf\u00edas, dise\u00f1os, etc.) recogidos en el portal, son propiedad de AURA MATCHMAKING o se encuentra debidamente autorizada para su difusi\u00f3n por sus leg\u00edtimos titulares. AURA MATCHMAKING se compromete a no realizar publicidad enga\u00f1osa y por tanto, queda prohibido:\u00a0<\/p>\n<p>El uso para todo tipo de fines comerciales o publicitarios, distintos de los estrictamente permitidos.\u00a0<\/p>\n<p>Su reproducci\u00f3n, publicaci\u00f3n, distribuci\u00f3n o modificaci\u00f3n, total o parcial a menos que se cuente con la autorizaci\u00f3n previa y por escrito de sus leg\u00edtimos titulares o resulte legalmente permitido.\u00a0<\/p>\n<p>Cualquier vulneraci\u00f3n de los derechos de AURA MATCHMAKING o de sus leg\u00edtimos titulares sobre los mismos.<\/p>\n<p>\u200b<\/p>\n<p>PROPIEDAD INTELECTUAL E INDUSTRIAL<\/p>\n<p>En todo caso, el USUARIO reconoce y acepta que todos los derechos de propiedad industrial e intelectual sobre los Contenidos y\/o cualesquiera otros elementos insertados en el portal pertenecen a AURA MATCHMAKING o se encuentra debidamente autorizada para su difusi\u00f3n en el presente PORTAL. En el caso de que un usuario o un tercero consideren que se ha producido una violaci\u00f3n de sus leg\u00edtimos derechos de propiedad intelectual por la introducci\u00f3n de un determinado contenido en el Web, deber\u00e1 notificar dicha circunstancia a AURA MATCHMAKING indicado:\u00a0<\/p>\n<p>Datos personales del interesado titular de los derechos presuntamente infringidos, o indicar la representaci\u00f3n con la que act\u00faa en caso de que la reclamaci\u00f3n la presente un tercero distinto del interesado.\u00a0<\/p>\n<p>Se\u00f1alar los contenidos protegidos por los derechos de propiedad intelectual y su ubicaci\u00f3n en el Web, la acreditaci\u00f3n de los derechos de propiedad intelectual se\u00f1alados y declaraci\u00f3n expresa en la que el interesado se responsabiliza de la veracidad de las informaciones facilitadas en la notificaci\u00f3n.\u00a0<\/p>\n<p>\u200b<\/p>\n<p>ENLACES\u00a0<\/p>\n<p>El PORTAL proporciona enlaces a otros sitios web propios y contenidos que son propiedad de terceros. El \u00fanico objeto de los enlaces es proporcionar al usuario la posibilidad de acceder a dichos enlaces. AURA MATCHMAKING no se responsabiliza en ning\u00fan caso de los resultados que puedan derivarse al usuario por acceso a dichos enlaces.<\/p>\n<p>El usuario que se proponga establecer cualquier dispositivo t\u00e9cnico de enlace desde su sitio web al portal <a href=\"https:\/\/aura-matchmaking.com\/ca\/contact\/\">aura-matchmaking.com<\/a> deber\u00e1 obtener la autorizaci\u00f3n previa y escrita de AURA MATCHMAKING. El establecimiento del enlace no implica en ning\u00fan caso la existencia de relaciones entre el PORTAL y el propietario del sitio en el que se establezca el enlace, ni la aceptaci\u00f3n o aprobaci\u00f3n por parte de <a href=\"https:\/\/aura-matchmaking.com\/ca\/contact\/\">aura-matchmaking.com<\/a> de sus contenidos o servicios.\u00a0<\/p>\n<p>\u200b<\/p>\n<p>MODIFICACI\u00d3N UNILATERAL Y DURACI\u00d3N;\u00a0<\/p>\n<p>AURA MATCHMAKING, se reserva el derecho de modificar, en cualquier momento y sin necesidad de previo aviso, la presentaci\u00f3n y configuraci\u00f3n del PORTAL web <a href=\"https:\/\/aura-matchmaking.com\/ca\/contact\/\">aura-matchmaking.com<\/a> como el presente aviso legal.\u00a0<\/p>\n<p>\u200b<\/p>\n<p>EXCLUSI\u00d3N DE GARANT\u00cdAS Y RESPONSABILIDAD;\u00a0<\/p>\n<p>AURA MATCHMAKING no otorga ninguna garant\u00eda ni se hace responsable, en ning\u00fan caso, de los da\u00f1os y perjuicios de cualquier naturaleza que pudieran acarrear a causa de:\u00a0<\/p>\n<ul>\n<li>\n<p>La falta disponibilidad, mantenimiento y efectivo funcionamiento del Web y\/o de sus servicios o contenidos.\u00a0<\/p>\n<\/li>\n<li>\n<p>La existencia de virus, programas maliciosos o lesivos en los contenidos.\u00a0<\/p>\n<\/li>\n<li>\n<p>El uso il\u00edcito, negligente, fraudulento, contrario a las presentes Condiciones Generales, a la buena fe, a los usos generalmente aceptados o al orden p\u00fablico, del sitio Web, sus servicios o contenidos, por parte de los usuarios.\u00a0<\/p>\n<\/li>\n<\/ul>\n<p>\u200b<\/p>\n<p>TRATAMIENTO DE DATOS PERSONALES\u00a0<\/p>\n<p>Para AURA MATCHMAKING, tal y como recoge en su \u201cPOL\u00cdTICA\u00a0DE PRIVACIDAD\u201d que puede consultar en nuestra web, es prioritario proteger a nuestros usuarios y clientes, garantizando su privacidad. En dicha pol\u00edtica le informamos c\u00f3mo tratamos y protegemos la informaci\u00f3n personal de todas las personas que se relacionan con AURA MATCHMAKING a trav\u00e9s de esta web\u00a0<\/p>\n<p>\u200b<\/p>\n<p>LEGISLACI\u00d3N APLICABLE Y JURISDICCI\u00d3N;\u00a0<\/p>\n<p>Las presentes Condiciones Generales se regir\u00e1n por la legislaci\u00f3n espa\u00f1ola, sometidas a los juzgados y tribunales de la ciudad de Barcelona (Espa\u00f1a) ante cualquier controversia derivada del acceso al PORTAL.\u00a0<\/p>\n<p>\u200b<\/p>\n<p>CONTACTO\u00a0<\/p>\n<p>En caso de que cualquier Usuario tuviese alguna duda acerca de este aviso legal o cualquier comentario sobre la web puede dirigirse a Info@aura-matchmaking.com.\u00a0<\/p>\n","protected":false},"excerpt":{"rendered":"<p>Av\u00eds Legal IDENTIFICACI\u00d3N Y TITULARIDAD\u00a0 En cumplimiento del art\u00edculo 10 de la Ley 34\/2002, de 11 de julio, de Servicios de la Sociedad de la Informaci\u00f3n y Comercio Electr\u00f3nico, el Titular expone sus datos identificativos.\u00a0 Titular: CAPITAL PRAXIS SL.\u00a0 CIF: B66495003\u00a0 Domicilio: Plz. Eguilaz 8 bis 3\u00ba-2\u00aa, 08017 Barcelona\u00a0 Correo electr\u00f3nico: info@aura-matchmaking.com\u00a0 Sitio Web: www.aura-matchmaking.com\u00a0 [&hellip;]<\/p>\n","protected":false},"author":2,"featured_media":0,"parent":0,"menu_order":0,"comment_status":"closed","ping_status":"closed","template":"","meta":{"footnotes":""},"class_list":["post-1598","page","type-page","status-publish","hentry"],"_links":{"self":[{"href":"https:\/\/aura-matchmaking.com\/ca\/wp-json\/wp\/v2\/pages\/1598","targetHints":{"allow":["GET"]}}],"collection":[{"href":"https:\/\/aura-matchmaking.com\/ca\/wp-json\/wp\/v2\/pages"}],"about":[{"href":"https:\/\/aura-matchmaking.com\/ca\/wp-json\/wp\/v2\/types\/page"}],"author":[{"embeddable":true,"href":"https:\/\/aura-matchmaking.com\/ca\/wp-json\/wp\/v2\/users\/2"}],"replies":[{"embeddable":true,"href":"https:\/\/aura-matchmaking.com\/ca\/wp-json\/wp\/v2\/comments?post=1598"}],"version-history":[{"count":9,"href":"https:\/\/aura-matchmaking.com\/ca\/wp-json\/wp\/v2\/pages\/1598\/revisions"}],"predecessor-version":[{"id":11437,"href":"https:\/\/aura-matchmaking.com\/ca\/wp-json\/wp\/v2\/pages\/1598\/revisions\/11437"}],"wp:attachment":[{"href":"https:\/\/aura-matchmaking.com\/ca\/wp-json\/wp\/v2\/media?parent=1598"}],"curies":[{"name":"wp","href":"https:\/\/api.w.org\/{rel}","templated":true}]}}