{"id":8539,"date":"2026-02-03T21:53:50","date_gmt":"2026-02-03T21:53:50","guid":{"rendered":"https:\/\/aura-matchmaking.com\/el-blog\/"},"modified":"2026-02-03T21:53:52","modified_gmt":"2026-02-03T21:53:52","slug":"el-blog","status":"publish","type":"page","link":"https:\/\/aura-matchmaking.com\/ca\/el-blog\/","title":{"rendered":"el Blog"},"content":{"rendered":"\t\t<div data-elementor-type=\"wp-page\" data-elementor-id=\"8539\" class=\"elementor elementor-8539\" data-elementor-post-type=\"page\">\n\t\t\t\t\t\t<section class=\"elementor-section elementor-top-section elementor-element elementor-element-2d01baac elementor-section-boxed elementor-section-height-default elementor-section-height-default\" data-id=\"2d01baac\" data-element_type=\"section\" data-e-type=\"section\" data-settings=\"{&quot;background_background&quot;:&quot;classic&quot;}\">\n\t\t\t\t\t\t\t<div class=\"elementor-background-overlay\"><\/div>\n\t\t\t\t\t\t\t<div class=\"elementor-container elementor-column-gap-default\">\n\t\t\t\t\t<div class=\"elementor-column elementor-col-100 elementor-top-column elementor-element elementor-element-36ffcd9d\" data-id=\"36ffcd9d\" data-element_type=\"column\" data-e-type=\"column\">\n\t\t\t<div class=\"elementor-widget-wrap elementor-element-populated\">\n\t\t\t\t\t\t<div class=\"elementor-element elementor-element-1352e51 elementor-invisible elementor-widget elementor-widget-heading\" data-id=\"1352e51\" data-element_type=\"widget\" data-e-type=\"widget\" data-settings=\"{&quot;_animation&quot;:&quot;fadeInUp&quot;}\" data-widget_type=\"heading.default\">\n\t\t\t\t<div class=\"elementor-widget-container\">\n\t\t\t\t\t<h3 class=\"elementor-heading-title elementor-size-default\">Blog<\/h3>\t\t\t\t<\/div>\n\t\t\t\t<\/div>\n\t\t\t\t<div class=\"elementor-element elementor-element-41224f1 elementor-widget elementor-widget-text-editor\" data-id=\"41224f1\" data-element_type=\"widget\" data-e-type=\"widget\" data-widget_type=\"text-editor.default\">\n\t\t\t\t<div class=\"elementor-widget-container\">\n\t\t\t\t\t\t\t\t\t<p>ESCRIVIM PER MILLORAR RELACIONS<\/p>\t\t\t\t\t\t\t\t<\/div>\n\t\t\t\t<\/div>\n\t\t\t\t\t<\/div>\n\t\t<\/div>\n\t\t\t\t\t<\/div>\n\t\t<\/section>\n\t\t\t\t<section class=\"elementor-section elementor-top-section elementor-element elementor-element-db7627c elementor-section-boxed elementor-section-height-default elementor-section-height-default\" data-id=\"db7627c\" data-element_type=\"section\" data-e-type=\"section\" data-settings=\"{&quot;background_background&quot;:&quot;classic&quot;}\">\n\t\t\t\t\t\t<div class=\"elementor-container elementor-column-gap-default\">\n\t\t\t\t\t<div class=\"elementor-column elementor-col-100 elementor-top-column elementor-element elementor-element-cb428d2\" data-id=\"cb428d2\" data-element_type=\"column\" data-e-type=\"column\">\n\t\t\t<div class=\"elementor-widget-wrap elementor-element-populated\">\n\t\t\t\t\t\t<div class=\"elementor-element elementor-element-87c8b82 elementor-grid-3 elementor-grid-tablet-2 elementor-grid-mobile-1 elementor-posts--thumbnail-top elementor-posts--show-avatar elementor-card-shadow-yes elementor-posts__hover-gradient elementor-widget elementor-widget-posts\" data-id=\"87c8b82\" data-element_type=\"widget\" data-e-type=\"widget\" data-settings=\"{&quot;cards_row_gap_mobile&quot;:{&quot;unit&quot;:&quot;px&quot;,&quot;size&quot;:21,&quot;sizes&quot;:[]},&quot;cards_columns&quot;:&quot;3&quot;,&quot;cards_columns_tablet&quot;:&quot;2&quot;,&quot;cards_columns_mobile&quot;:&quot;1&quot;,&quot;cards_row_gap&quot;:{&quot;unit&quot;:&quot;px&quot;,&quot;size&quot;:35,&quot;sizes&quot;:[]},&quot;cards_row_gap_tablet&quot;:{&quot;unit&quot;:&quot;px&quot;,&quot;size&quot;:&quot;&quot;,&quot;sizes&quot;:[]}}\" data-widget_type=\"posts.cards\">\n\t\t\t\t<div class=\"elementor-widget-container\">\n\t\t\t\t\t\t\t<div class=\"elementor-posts-container elementor-posts elementor-posts--skin-cards elementor-grid\" role=\"list\">\n\t\t\t\t<article class=\"elementor-post elementor-grid-item post-2223 post type-post status-publish format-standard has-post-thumbnail hentry\" role=\"listitem\">\n\t\t\t<div class=\"elementor-post__card\">\n\t\t\t\t<a class=\"elementor-post__thumbnail__link\" href=\"https:\/\/aura-matchmaking.com\/ca\/per-que-aura-matchmaking-es-unica-en-els-seus-serveis\/\" tabindex=\"-1\" ><div class=\"elementor-post__thumbnail\"><img fetchpriority=\"high\" decoding=\"async\" width=\"300\" height=\"200\" src=\"https:\/\/aura-matchmaking.com\/wp-content\/uploads\/2021\/03\/Bridal-with-Child-300x200.jpg\" class=\"attachment-medium size-medium wp-image-3353\" alt=\"\" srcset=\"https:\/\/aura-matchmaking.com\/wp-content\/uploads\/2021\/03\/Bridal-with-Child-300x200.jpg 300w, https:\/\/aura-matchmaking.com\/wp-content\/uploads\/2021\/03\/Bridal-with-Child-1024x683.jpg 1024w, https:\/\/aura-matchmaking.com\/wp-content\/uploads\/2021\/03\/Bridal-with-Child-768x512.jpg 768w, https:\/\/aura-matchmaking.com\/wp-content\/uploads\/2021\/03\/Bridal-with-Child.jpg 1368w\" sizes=\"(max-width: 300px) 100vw, 300px\" \/><\/div><\/a>\n\t\t\t\t<div class=\"elementor-post__avatar\">\n\t\t\t<img alt='Aura' src='https:\/\/secure.gravatar.com\/avatar\/00c09be6184f348fdee6d233211eb2fb691d1eb67a4c45a6ff059ce86c6caa24?s=128&#038;d=mm&#038;r=g' srcset='https:\/\/secure.gravatar.com\/avatar\/00c09be6184f348fdee6d233211eb2fb691d1eb67a4c45a6ff059ce86c6caa24?s=256&#038;d=mm&#038;r=g 2x' class='avatar avatar-128 photo' height='128' width='128' \/>\t\t<\/div>\n\t\t\t\t<div class=\"elementor-post__text\">\n\t\t\t\t<h3 class=\"elementor-post__title\">\n\t\t\t<a href=\"https:\/\/aura-matchmaking.com\/ca\/per-que-aura-matchmaking-es-unica-en-els-seus-serveis\/\" >\n\t\t\t\tPer qu\u00e8 AURA Matchmaking \u00e9s \u00fanica en els seus serveis?\t\t\t<\/a>\n\t\t<\/h3>\n\t\t\n\t\t<a class=\"elementor-post__read-more\" href=\"https:\/\/aura-matchmaking.com\/ca\/per-que-aura-matchmaking-es-unica-en-els-seus-serveis\/\" aria-label=\"Read more about Per qu\u00e8 AURA Matchmaking \u00e9s \u00fanica en els seus serveis?\" tabindex=\"-1\" >\n\t\t\tLlegir m\u00e9s \u00bb\t\t<\/a>\n\n\t\t\t\t<\/div>\n\t\t\t\t<div class=\"elementor-post__meta-data\">\n\t\t\t\t\t<span class=\"elementor-post-date\">\n\t\t\t11\/01\/2022\t\t<\/span>\n\t\t\t\t<span class=\"elementor-post-avatar\">\n\t\t\tNo hi ha comentaris\t\t<\/span>\n\t\t\t\t<\/div>\n\t\t\t\t\t<\/div>\n\t\t<\/article>\n\t\t\t\t<article class=\"elementor-post elementor-grid-item post-4640 post type-post status-publish format-standard has-post-thumbnail hentry category-estudis category-sense-categoria tag-compatibilitat-de-parelles tag-divorcios-ca tag-headhunting-sentimental-ca tag-matchmaking-ca tag-pareja-perfecta-ca tag-parejaperfecta-ca tag-parejas-con-diferencia-de-edad-ca tag-soulmate-ca tag-the-perfect-match-ca\" role=\"listitem\">\n\t\t\t<div class=\"elementor-post__card\">\n\t\t\t\t<a class=\"elementor-post__thumbnail__link\" href=\"https:\/\/aura-matchmaking.com\/ca\/probabilidad-de-divorcio-segun-la-diferencia-de-edad\/\" tabindex=\"-1\" ><div class=\"elementor-post__thumbnail\"><img decoding=\"async\" width=\"300\" height=\"200\" src=\"https:\/\/aura-matchmaking.com\/wp-content\/uploads\/2024\/04\/The-AURA-Matchmaking-Perfect-Match-300x200.jpg\" class=\"attachment-medium size-medium wp-image-4649\" alt=\"Agencia Matrimonial Espa\u00f1a\" srcset=\"https:\/\/aura-matchmaking.com\/wp-content\/uploads\/2024\/04\/The-AURA-Matchmaking-Perfect-Match-300x200.jpg 300w, https:\/\/aura-matchmaking.com\/wp-content\/uploads\/2024\/04\/The-AURA-Matchmaking-Perfect-Match-1024x683.jpg 1024w, https:\/\/aura-matchmaking.com\/wp-content\/uploads\/2024\/04\/The-AURA-Matchmaking-Perfect-Match-768x512.jpg 768w, https:\/\/aura-matchmaking.com\/wp-content\/uploads\/2024\/04\/The-AURA-Matchmaking-Perfect-Match-1536x1024.jpg 1536w, https:\/\/aura-matchmaking.com\/wp-content\/uploads\/2024\/04\/The-AURA-Matchmaking-Perfect-Match-2048x1366.jpg 2048w\" sizes=\"(max-width: 300px) 100vw, 300px\" \/><\/div><\/a>\n\t\t\t\t<div class=\"elementor-post__badge\">Estudis<\/div>\n\t\t\t\t<div class=\"elementor-post__avatar\">\n\t\t\t<img alt='Aura' src='https:\/\/secure.gravatar.com\/avatar\/00c09be6184f348fdee6d233211eb2fb691d1eb67a4c45a6ff059ce86c6caa24?s=128&#038;d=mm&#038;r=g' srcset='https:\/\/secure.gravatar.com\/avatar\/00c09be6184f348fdee6d233211eb2fb691d1eb67a4c45a6ff059ce86c6caa24?s=256&#038;d=mm&#038;r=g 2x' class='avatar avatar-128 photo' height='128' width='128' \/>\t\t<\/div>\n\t\t\t\t<div class=\"elementor-post__text\">\n\t\t\t\t<h3 class=\"elementor-post__title\">\n\t\t\t<a href=\"https:\/\/aura-matchmaking.com\/ca\/probabilidad-de-divorcio-segun-la-diferencia-de-edad\/\" >\n\t\t\t\tProbabilidad de divorcio seg\u00fan la diferencia de edad\t\t\t<\/a>\n\t\t<\/h3>\n\t\t\n\t\t<a class=\"elementor-post__read-more\" href=\"https:\/\/aura-matchmaking.com\/ca\/probabilidad-de-divorcio-segun-la-diferencia-de-edad\/\" aria-label=\"Read more about Probabilidad de divorcio seg\u00fan la diferencia de edad\" tabindex=\"-1\" >\n\t\t\tLlegir m\u00e9s \u00bb\t\t<\/a>\n\n\t\t\t\t<\/div>\n\t\t\t\t<div class=\"elementor-post__meta-data\">\n\t\t\t\t\t<span class=\"elementor-post-date\">\n\t\t\t17\/04\/2024\t\t<\/span>\n\t\t\t\t<span class=\"elementor-post-avatar\">\n\t\t\tNo hi ha comentaris\t\t<\/span>\n\t\t\t\t<\/div>\n\t\t\t\t\t<\/div>\n\t\t<\/article>\n\t\t\t\t<article class=\"elementor-post elementor-grid-item post-2065 post type-post status-publish format-standard has-post-thumbnail hentry category-estudis tag-amor-ca tag-lujo-ca tag-pareja-ca tag-privacidad-ca\" role=\"listitem\">\n\t\t\t<div class=\"elementor-post__card\">\n\t\t\t\t<a class=\"elementor-post__thumbnail__link\" href=\"https:\/\/aura-matchmaking.com\/ca\/nova-entrada\/\" tabindex=\"-1\" ><div class=\"elementor-post__thumbnail\"><img decoding=\"async\" width=\"300\" height=\"200\" src=\"https:\/\/aura-matchmaking.com\/wp-content\/uploads\/2020\/11\/Pareja-no-estar-enamorada-300x200.jpg\" class=\"attachment-medium size-medium wp-image-2108\" alt=\"\" srcset=\"https:\/\/aura-matchmaking.com\/wp-content\/uploads\/2020\/11\/Pareja-no-estar-enamorada-300x200.jpg 300w, https:\/\/aura-matchmaking.com\/wp-content\/uploads\/2020\/11\/Pareja-no-estar-enamorada.jpg 736w\" sizes=\"(max-width: 300px) 100vw, 300px\" \/><\/div><\/a>\n\t\t\t\t<div class=\"elementor-post__badge\">Estudis<\/div>\n\t\t\t\t<div class=\"elementor-post__avatar\">\n\t\t\t<img alt='Aura' src='https:\/\/secure.gravatar.com\/avatar\/00c09be6184f348fdee6d233211eb2fb691d1eb67a4c45a6ff059ce86c6caa24?s=128&#038;d=mm&#038;r=g' srcset='https:\/\/secure.gravatar.com\/avatar\/00c09be6184f348fdee6d233211eb2fb691d1eb67a4c45a6ff059ce86c6caa24?s=256&#038;d=mm&#038;r=g 2x' class='avatar avatar-128 photo' height='128' width='128' \/>\t\t<\/div>\n\t\t\t\t<div class=\"elementor-post__text\">\n\t\t\t\t<h3 class=\"elementor-post__title\">\n\t\t\t<a href=\"https:\/\/aura-matchmaking.com\/ca\/nova-entrada\/\" >\n\t\t\t\tAmor a primera vista. Qu\u00e8 diu la ci\u00e8ncia?\t\t\t<\/a>\n\t\t<\/h3>\n\t\t\n\t\t<a class=\"elementor-post__read-more\" href=\"https:\/\/aura-matchmaking.com\/ca\/nova-entrada\/\" aria-label=\"Read more about Amor a primera vista. Qu\u00e8 diu la ci\u00e8ncia?\" tabindex=\"-1\" >\n\t\t\tLlegir m\u00e9s \u00bb\t\t<\/a>\n\n\t\t\t\t<\/div>\n\t\t\t\t<div class=\"elementor-post__meta-data\">\n\t\t\t\t\t<span class=\"elementor-post-date\">\n\t\t\t05\/11\/2020\t\t<\/span>\n\t\t\t\t<span class=\"elementor-post-avatar\">\n\t\t\tNo hi ha comentaris\t\t<\/span>\n\t\t\t\t<\/div>\n\t\t\t\t\t<\/div>\n\t\t<\/article>\n\t\t\t\t<article class=\"elementor-post elementor-grid-item post-1726 post type-post status-publish format-standard has-post-thumbnail hentry category-estudis\" role=\"listitem\">\n\t\t\t<div class=\"elementor-post__card\">\n\t\t\t\t<a class=\"elementor-post__thumbnail__link\" href=\"https:\/\/aura-matchmaking.com\/ca\/las-3-etapas-del-amor-segun-la-ciencia\/\" tabindex=\"-1\" ><div class=\"elementor-post__thumbnail\"><img loading=\"lazy\" decoding=\"async\" width=\"233\" height=\"300\" src=\"https:\/\/aura-matchmaking.com\/wp-content\/uploads\/2020\/09\/Aura-post1-233x300.jpg\" class=\"attachment-medium size-medium wp-image-1727\" alt=\"\" srcset=\"https:\/\/aura-matchmaking.com\/wp-content\/uploads\/2020\/09\/Aura-post1-233x300.jpg 233w, https:\/\/aura-matchmaking.com\/wp-content\/uploads\/2020\/09\/Aura-post1-796x1024.jpg 796w, https:\/\/aura-matchmaking.com\/wp-content\/uploads\/2020\/09\/Aura-post1-768x988.jpg 768w, https:\/\/aura-matchmaking.com\/wp-content\/uploads\/2020\/09\/Aura-post1-1193x1536.jpg 1193w, https:\/\/aura-matchmaking.com\/wp-content\/uploads\/2020\/09\/Aura-post1-1591x2048.jpg 1591w, https:\/\/aura-matchmaking.com\/wp-content\/uploads\/2020\/09\/Aura-post1.jpg 1920w\" sizes=\"(max-width: 233px) 100vw, 233px\" \/><\/div><\/a>\n\t\t\t\t<div class=\"elementor-post__badge\">Estudis<\/div>\n\t\t\t\t<div class=\"elementor-post__avatar\">\n\t\t\t<img alt='Aura' src='https:\/\/secure.gravatar.com\/avatar\/00c09be6184f348fdee6d233211eb2fb691d1eb67a4c45a6ff059ce86c6caa24?s=128&#038;d=mm&#038;r=g' srcset='https:\/\/secure.gravatar.com\/avatar\/00c09be6184f348fdee6d233211eb2fb691d1eb67a4c45a6ff059ce86c6caa24?s=256&#038;d=mm&#038;r=g 2x' class='avatar avatar-128 photo' height='128' width='128' \/>\t\t<\/div>\n\t\t\t\t<div class=\"elementor-post__text\">\n\t\t\t\t<h3 class=\"elementor-post__title\">\n\t\t\t<a href=\"https:\/\/aura-matchmaking.com\/ca\/las-3-etapas-del-amor-segun-la-ciencia\/\" >\n\t\t\t\tLes 3 etapes de l&#8217;amor, segons la ci\u00e8ncia\t\t\t<\/a>\n\t\t<\/h3>\n\t\t\n\t\t<a class=\"elementor-post__read-more\" href=\"https:\/\/aura-matchmaking.com\/ca\/las-3-etapas-del-amor-segun-la-ciencia\/\" aria-label=\"Read more about Les 3 etapes de l&#8217;amor, segons la ci\u00e8ncia\" tabindex=\"-1\" >\n\t\t\tLlegir m\u00e9s \u00bb\t\t<\/a>\n\n\t\t\t\t<\/div>\n\t\t\t\t<div class=\"elementor-post__meta-data\">\n\t\t\t\t\t<span class=\"elementor-post-date\">\n\t\t\t16\/10\/2020\t\t<\/span>\n\t\t\t\t<span class=\"elementor-post-avatar\">\n\t\t\tNo hi ha comentaris\t\t<\/span>\n\t\t\t\t<\/div>\n\t\t\t\t\t<\/div>\n\t\t<\/article>\n\t\t\t\t<article class=\"elementor-post elementor-grid-item post-1711 post type-post status-publish format-standard has-post-thumbnail hentry\" role=\"listitem\">\n\t\t\t<div class=\"elementor-post__card\">\n\t\t\t\t<a class=\"elementor-post__thumbnail__link\" href=\"https:\/\/aura-matchmaking.com\/ca\/los-10-pilares-para-consolidar-una-relacion-de-pareja\/\" tabindex=\"-1\" ><div class=\"elementor-post__thumbnail\"><img loading=\"lazy\" decoding=\"async\" width=\"233\" height=\"300\" src=\"https:\/\/aura-matchmaking.com\/wp-content\/uploads\/2020\/09\/Aura-post3-233x300.jpg\" class=\"attachment-medium size-medium wp-image-1712\" alt=\"\" srcset=\"https:\/\/aura-matchmaking.com\/wp-content\/uploads\/2020\/09\/Aura-post3-233x300.jpg 233w, https:\/\/aura-matchmaking.com\/wp-content\/uploads\/2020\/09\/Aura-post3-796x1024.jpg 796w, https:\/\/aura-matchmaking.com\/wp-content\/uploads\/2020\/09\/Aura-post3-768x988.jpg 768w, https:\/\/aura-matchmaking.com\/wp-content\/uploads\/2020\/09\/Aura-post3-1193x1536.jpg 1193w, https:\/\/aura-matchmaking.com\/wp-content\/uploads\/2020\/09\/Aura-post3-1591x2048.jpg 1591w, https:\/\/aura-matchmaking.com\/wp-content\/uploads\/2020\/09\/Aura-post3.jpg 1920w\" sizes=\"(max-width: 233px) 100vw, 233px\" \/><\/div><\/a>\n\t\t\t\t<div class=\"elementor-post__avatar\">\n\t\t\t<img alt='alvaromassana' src='https:\/\/secure.gravatar.com\/avatar\/8580a46455744abc15294824a32f70604deb0aae4cb4d4e74051ad70242a2e88?s=128&#038;d=mm&#038;r=g' srcset='https:\/\/secure.gravatar.com\/avatar\/8580a46455744abc15294824a32f70604deb0aae4cb4d4e74051ad70242a2e88?s=256&#038;d=mm&#038;r=g 2x' class='avatar avatar-128 photo' height='128' width='128' \/>\t\t<\/div>\n\t\t\t\t<div class=\"elementor-post__text\">\n\t\t\t\t<h3 class=\"elementor-post__title\">\n\t\t\t<a href=\"https:\/\/aura-matchmaking.com\/ca\/los-10-pilares-para-consolidar-una-relacion-de-pareja\/\" >\n\t\t\t\tEls 10 pilars per consolidar una relaci\u00f3 de parella\t\t\t<\/a>\n\t\t<\/h3>\n\t\t\n\t\t<a class=\"elementor-post__read-more\" href=\"https:\/\/aura-matchmaking.com\/ca\/los-10-pilares-para-consolidar-una-relacion-de-pareja\/\" aria-label=\"Read more about Els 10 pilars per consolidar una relaci\u00f3 de parella\" tabindex=\"-1\" >\n\t\t\tLlegir m\u00e9s \u00bb\t\t<\/a>\n\n\t\t\t\t<\/div>\n\t\t\t\t<div class=\"elementor-post__meta-data\">\n\t\t\t\t\t<span class=\"elementor-post-date\">\n\t\t\t16\/10\/2020\t\t<\/span>\n\t\t\t\t<span class=\"elementor-post-avatar\">\n\t\t\tNo hi ha comentaris\t\t<\/span>\n\t\t\t\t<\/div>\n\t\t\t\t\t<\/div>\n\t\t<\/article>\n\t\t\t\t<\/div>\n\t\t\n\t\t\t\t\t\t<\/div>\n\t\t\t\t<\/div>\n\t\t\t\t\t<\/div>\n\t\t<\/div>\n\t\t\t\t\t<\/div>\n\t\t<\/section>\n\t\t\t\t<\/div>\n\t\t","protected":false},"excerpt":{"rendered":"<p>Blog ESCRIVIM PER MILLORAR RELACIONS<\/p>\n","protected":false},"author":3,"featured_media":0,"parent":0,"menu_order":0,"comment_status":"closed","ping_status":"closed","template":"","meta":{"footnotes":""},"class_list":["post-8539","page","type-page","status-publish","hentry"],"_links":{"self":[{"href":"https:\/\/aura-matchmaking.com\/ca\/wp-json\/wp\/v2\/pages\/8539","targetHints":{"allow":["GET"]}}],"collection":[{"href":"https:\/\/aura-matchmaking.com\/ca\/wp-json\/wp\/v2\/pages"}],"about":[{"href":"https:\/\/aura-matchmaking.com\/ca\/wp-json\/wp\/v2\/types\/page"}],"author":[{"embeddable":true,"href":"https:\/\/aura-matchmaking.com\/ca\/wp-json\/wp\/v2\/users\/3"}],"replies":[{"embeddable":true,"href":"https:\/\/aura-matchmaking.com\/ca\/wp-json\/wp\/v2\/comments?post=8539"}],"version-history":[{"count":1,"href":"https:\/\/aura-matchmaking.com\/ca\/wp-json\/wp\/v2\/pages\/8539\/revisions"}],"predecessor-version":[{"id":8540,"href":"https:\/\/aura-matchmaking.com\/ca\/wp-json\/wp\/v2\/pages\/8539\/revisions\/8540"}],"wp:attachment":[{"href":"https:\/\/aura-matchmaking.com\/ca\/wp-json\/wp\/v2\/media?parent=8539"}],"curies":[{"name":"wp","href":"https:\/\/api.w.org\/{rel}","templated":true}]}}